{"id":1615,"date":"2024-12-23T17:36:45","date_gmt":"2024-12-23T17:36:45","guid":{"rendered":"https:\/\/nordicecho.eu\/?page_id=1615"},"modified":"2025-01-23T22:17:56","modified_gmt":"2025-01-23T22:17:56","slug":"om-os","status":"publish","type":"page","link":"https:\/\/nordicecho.eu\/da\/om-os\/","title":{"rendered":"Om os"},"content":{"rendered":"\n<div class=\"wp-block-group alignwide is-layout-flow wp-block-group-is-layout-flow\" style=\"padding-top:var(--wp--preset--spacing--80);padding-bottom:var(--wp--preset--spacing--60)\">\n<h1 class=\"wp-block-heading\">Om os<\/h1>\n\n\n\n<h3 class=\"wp-block-heading\"><strong>Velkommen til Nordic Echo \u2013 Tidl\u00f8se Nordiske Skatte<\/strong><\/h3>\n\n\n\n<p>Hos&nbsp;<strong>Nordic Echo<\/strong>&nbsp;specialiserer vi os i&nbsp;<strong>keramik, glas og kunstv\u00e6rker fra det 20. \u00e5rhundrede<\/strong>, alt fra de nordiske lande. Hver eneste genstand i vores kollektion er omhyggeligt udvalgt for sin&nbsp;<strong>autenticitet, sk\u00f8nhed og historie<\/strong>, og vi hylder regionens rige kulturarv og h\u00e5ndv\u00e6rkstraditioner. Uanset om du er samler eller blot elsker vintage-design, tilbyder vores kuraterede udvalg tidl\u00f8se skatte, der kan inspirere dit hjem.<\/p>\n\n\n\n<h3 class=\"wp-block-heading\"><strong>Vores Mission<\/strong><\/h3>\n\n\n\n<p>Vi tror p\u00e5 at give kunsten et nyt liv. Ved udelukkende at fokusere p\u00e5 kunstv\u00e6rker fra anden h\u00e5nd \u00e6rer vi historierne bag hver genstand og fremmer samtidig b\u00e6redygtigt forbrug. Hvert k\u00f8b bidrager til en gr\u00f8nnere fremtid, forl\u00e6nger livscyklussen for disse tidl\u00f8se v\u00e6rker og reducerer spild.<\/p>\n\n\n\n<h3 class=\"wp-block-heading\"><strong>Shop Trygt<\/strong><\/h3>\n\n\n\n<p>Vi har samarbejdet med den p\u00e5lidelige platform\u00a0<a href=\"https:\/\/fleasy.dk\/\" target=\"_blank\" rel=\"noreferrer noopener\"><strong>fleasy.dk<\/strong><\/a> for at g\u00f8re din shoppingoplevelse enkel, b\u00e6redygtig og sikker. Udforsk detaljerede beskrivelser, billeder i h\u00f8j kvalitet, og nyd en problemfri betalingsproces \u2013 alt sammen fra dit eget hjem. Vi leverer til hele Europa og sikrer, at din valgte skat ankommer sikkert og rettidigt.<\/p>\n<\/div>\n\n\n\n<div class=\"wp-block-group alignwide is-layout-flow wp-block-group-is-layout-flow\" style=\"padding-bottom:var(--wp--preset--spacing--80)\">\n<p><strong>Hos Nordic Echo forbinder vi nordisk kunst og historie med en b\u00e6redygtig fremtid.<\/strong> Find din n\u00e6ste skat hos os i dag.<\/p>\n<\/div>\n","protected":false},"excerpt":{"rendered":"<p>Om os Velkommen til Nordic Echo \u2013 Tidl\u00f8se Nordiske Skatte Hos&nbsp;Nordic Echo&nbsp;specialiserer vi os i&nbsp;keramik, glas og kunstv\u00e6rker fra det 20. \u00e5rhundrede, alt fra de nordiske lande. Hver eneste genstand i vores kollektion er omhyggeligt udvalgt for sin&nbsp;autenticitet, sk\u00f8nhed og historie, og vi hylder regionens rige kulturarv og h\u00e5ndv\u00e6rkstraditioner. Uanset om du er samler eller [&hellip;]<\/p>\n","protected":false},"author":1,"featured_media":0,"parent":0,"menu_order":0,"comment_status":"closed","ping_status":"closed","template":"","meta":{"footnotes":""},"class_list":["post-1615","page","type-page","status-publish","hentry"],"yoast_head":"<!-- This site is optimized with the Yoast SEO plugin v24.4 - https:\/\/yoast.com\/wordpress\/plugins\/seo\/ -->\n<title>Om os - Nordic Echo<\/title>\n<meta name=\"robots\" content=\"index, follow, max-snippet:-1, max-image-preview:large, max-video-preview:-1\" \/>\n<link rel=\"canonical\" href=\"https:\/\/nordicecho.eu\/da\/om-os\/\" \/>\n<meta property=\"og:locale\" content=\"da_DK\" \/>\n<meta property=\"og:type\" content=\"article\" \/>\n<meta property=\"og:title\" content=\"Om os - Nordic Echo\" \/>\n<meta property=\"og:description\" content=\"Om os Velkommen til Nordic Echo \u2013 Tidl\u00f8se Nordiske Skatte Hos&nbsp;Nordic Echo&nbsp;specialiserer vi os i&nbsp;keramik, glas og kunstv\u00e6rker fra det 20. \u00e5rhundrede, alt fra de nordiske lande. Hver eneste genstand i vores kollektion er omhyggeligt udvalgt for sin&nbsp;autenticitet, sk\u00f8nhed og historie, og vi hylder regionens rige kulturarv og h\u00e5ndv\u00e6rkstraditioner. Uanset om du er samler eller [&hellip;]\" \/>\n<meta property=\"og:url\" content=\"https:\/\/nordicecho.eu\/da\/om-os\/\" \/>\n<meta property=\"og:site_name\" content=\"Nordic Echo\" \/>\n<meta property=\"article:modified_time\" content=\"2025-01-23T22:17:56+00:00\" \/>\n<meta name=\"twitter:card\" content=\"summary_large_image\" \/>\n<meta name=\"twitter:label1\" content=\"Estimeret l\u00e6setid\" \/>\n\t<meta name=\"twitter:data1\" content=\"1 minut\" \/>\n<script type=\"application\/ld+json\" class=\"yoast-schema-graph\">{\"@context\":\"https:\/\/schema.org\",\"@graph\":[{\"@type\":\"WebPage\",\"@id\":\"https:\/\/nordicecho.eu\/da\/om-os\/\",\"url\":\"https:\/\/nordicecho.eu\/da\/om-os\/\",\"name\":\"Om os - Nordic Echo\",\"isPartOf\":{\"@id\":\"https:\/\/nordicecho.eu\/da\/#website\"},\"datePublished\":\"2024-12-23T17:36:45+00:00\",\"dateModified\":\"2025-01-23T22:17:56+00:00\",\"breadcrumb\":{\"@id\":\"https:\/\/nordicecho.eu\/da\/om-os\/#breadcrumb\"},\"inLanguage\":\"da-DK\",\"potentialAction\":[{\"@type\":\"ReadAction\",\"target\":[\"https:\/\/nordicecho.eu\/da\/om-os\/\"]}]},{\"@type\":\"BreadcrumbList\",\"@id\":\"https:\/\/nordicecho.eu\/da\/om-os\/#breadcrumb\",\"itemListElement\":[{\"@type\":\"ListItem\",\"position\":1,\"name\":\"Hem\",\"item\":\"https:\/\/nordicecho.eu\/da\/\"},{\"@type\":\"ListItem\",\"position\":2,\"name\":\"Om os\"}]},{\"@type\":\"WebSite\",\"@id\":\"https:\/\/nordicecho.eu\/da\/#website\",\"url\":\"https:\/\/nordicecho.eu\/da\/\",\"name\":\"Nordic Echo\",\"description\":\"\",\"publisher\":{\"@id\":\"https:\/\/nordicecho.eu\/da\/#organization\"},\"potentialAction\":[{\"@type\":\"SearchAction\",\"target\":{\"@type\":\"EntryPoint\",\"urlTemplate\":\"https:\/\/nordicecho.eu\/da\/?s={search_term_string}\"},\"query-input\":{\"@type\":\"PropertyValueSpecification\",\"valueRequired\":true,\"valueName\":\"search_term_string\"}}],\"inLanguage\":\"da-DK\"},{\"@type\":\"Organization\",\"@id\":\"https:\/\/nordicecho.eu\/da\/#organization\",\"name\":\"Nordic Echo\",\"url\":\"https:\/\/nordicecho.eu\/da\/\",\"logo\":{\"@type\":\"ImageObject\",\"inLanguage\":\"da-DK\",\"@id\":\"https:\/\/nordicecho.eu\/da\/#\/schema\/logo\/image\/\",\"url\":\"https:\/\/nordicecho.eu\/wp-content\/uploads\/2024\/06\/Screenshot-2024-10-03-at-17.12.40-copy.png\",\"contentUrl\":\"https:\/\/nordicecho.eu\/wp-content\/uploads\/2024\/06\/Screenshot-2024-10-03-at-17.12.40-copy.png\",\"width\":1498,\"height\":1024,\"caption\":\"Nordic Echo\"},\"image\":{\"@id\":\"https:\/\/nordicecho.eu\/da\/#\/schema\/logo\/image\/\"}}]}<\/script>\n<!-- \/ Yoast SEO plugin. -->","yoast_head_json":{"title":"Om os - Nordic Echo","robots":{"index":"index","follow":"follow","max-snippet":"max-snippet:-1","max-image-preview":"max-image-preview:large","max-video-preview":"max-video-preview:-1"},"canonical":"https:\/\/nordicecho.eu\/da\/om-os\/","og_locale":"da_DK","og_type":"article","og_title":"Om os - Nordic Echo","og_description":"Om os Velkommen til Nordic Echo \u2013 Tidl\u00f8se Nordiske Skatte Hos&nbsp;Nordic Echo&nbsp;specialiserer vi os i&nbsp;keramik, glas og kunstv\u00e6rker fra det 20. \u00e5rhundrede, alt fra de nordiske lande. Hver eneste genstand i vores kollektion er omhyggeligt udvalgt for sin&nbsp;autenticitet, sk\u00f8nhed og historie, og vi hylder regionens rige kulturarv og h\u00e5ndv\u00e6rkstraditioner. Uanset om du er samler eller [&hellip;]","og_url":"https:\/\/nordicecho.eu\/da\/om-os\/","og_site_name":"Nordic Echo","article_modified_time":"2025-01-23T22:17:56+00:00","twitter_card":"summary_large_image","twitter_misc":{"Estimeret l\u00e6setid":"1 minut"},"schema":{"@context":"https:\/\/schema.org","@graph":[{"@type":"WebPage","@id":"https:\/\/nordicecho.eu\/da\/om-os\/","url":"https:\/\/nordicecho.eu\/da\/om-os\/","name":"Om os - Nordic Echo","isPartOf":{"@id":"https:\/\/nordicecho.eu\/da\/#website"},"datePublished":"2024-12-23T17:36:45+00:00","dateModified":"2025-01-23T22:17:56+00:00","breadcrumb":{"@id":"https:\/\/nordicecho.eu\/da\/om-os\/#breadcrumb"},"inLanguage":"da-DK","potentialAction":[{"@type":"ReadAction","target":["https:\/\/nordicecho.eu\/da\/om-os\/"]}]},{"@type":"BreadcrumbList","@id":"https:\/\/nordicecho.eu\/da\/om-os\/#breadcrumb","itemListElement":[{"@type":"ListItem","position":1,"name":"Hem","item":"https:\/\/nordicecho.eu\/da\/"},{"@type":"ListItem","position":2,"name":"Om os"}]},{"@type":"WebSite","@id":"https:\/\/nordicecho.eu\/da\/#website","url":"https:\/\/nordicecho.eu\/da\/","name":"Nordic Echo","description":"","publisher":{"@id":"https:\/\/nordicecho.eu\/da\/#organization"},"potentialAction":[{"@type":"SearchAction","target":{"@type":"EntryPoint","urlTemplate":"https:\/\/nordicecho.eu\/da\/?s={search_term_string}"},"query-input":{"@type":"PropertyValueSpecification","valueRequired":true,"valueName":"search_term_string"}}],"inLanguage":"da-DK"},{"@type":"Organization","@id":"https:\/\/nordicecho.eu\/da\/#organization","name":"Nordic Echo","url":"https:\/\/nordicecho.eu\/da\/","logo":{"@type":"ImageObject","inLanguage":"da-DK","@id":"https:\/\/nordicecho.eu\/da\/#\/schema\/logo\/image\/","url":"https:\/\/nordicecho.eu\/wp-content\/uploads\/2024\/06\/Screenshot-2024-10-03-at-17.12.40-copy.png","contentUrl":"https:\/\/nordicecho.eu\/wp-content\/uploads\/2024\/06\/Screenshot-2024-10-03-at-17.12.40-copy.png","width":1498,"height":1024,"caption":"Nordic Echo"},"image":{"@id":"https:\/\/nordicecho.eu\/da\/#\/schema\/logo\/image\/"}}]}},"_links":{"self":[{"href":"https:\/\/nordicecho.eu\/da\/wp-json\/wp\/v2\/pages\/1615","targetHints":{"allow":["GET"]}}],"collection":[{"href":"https:\/\/nordicecho.eu\/da\/wp-json\/wp\/v2\/pages"}],"about":[{"href":"https:\/\/nordicecho.eu\/da\/wp-json\/wp\/v2\/types\/page"}],"author":[{"embeddable":true,"href":"https:\/\/nordicecho.eu\/da\/wp-json\/wp\/v2\/users\/1"}],"replies":[{"embeddable":true,"href":"https:\/\/nordicecho.eu\/da\/wp-json\/wp\/v2\/comments?post=1615"}],"version-history":[{"count":2,"href":"https:\/\/nordicecho.eu\/da\/wp-json\/wp\/v2\/pages\/1615\/revisions"}],"predecessor-version":[{"id":1633,"href":"https:\/\/nordicecho.eu\/da\/wp-json\/wp\/v2\/pages\/1615\/revisions\/1633"}],"wp:attachment":[{"href":"https:\/\/nordicecho.eu\/da\/wp-json\/wp\/v2\/media?parent=1615"}],"curies":[{"name":"wp","href":"https:\/\/api.w.org\/{rel}","templated":true}]}}