{"id":1264,"date":"2024-12-23T12:57:02","date_gmt":"2024-12-23T12:57:02","guid":{"rendered":"https:\/\/nordicecho.eu\/startsida\/"},"modified":"2025-01-14T21:29:44","modified_gmt":"2025-01-14T21:29:44","slug":"startsida","status":"publish","type":"page","link":"https:\/\/nordicecho.eu\/de\/","title":{"rendered":"Nordic Echo"},"content":{"rendered":"\n<div class=\"wp-block-cover alignfull\"><span aria-hidden=\"true\" class=\"wp-block-cover__background has-contrast-background-color has-background-dim\"><\/span><img loading=\"lazy\" decoding=\"async\" width=\"1800\" height=\"1013\" class=\"wp-block-cover__image-background wp-image-657\" alt=\"\" src=\"https:\/\/nordicecho.eu\/wp-content\/uploads\/2024\/12\/banner.jpg\" data-object-fit=\"cover\" srcset=\"https:\/\/nordicecho.eu\/wp-content\/uploads\/2024\/12\/banner.jpg 1800w, https:\/\/nordicecho.eu\/wp-content\/uploads\/2024\/12\/banner-300x169.jpg 300w, https:\/\/nordicecho.eu\/wp-content\/uploads\/2024\/12\/banner-1024x576.jpg 1024w, https:\/\/nordicecho.eu\/wp-content\/uploads\/2024\/12\/banner-768x432.jpg 768w, https:\/\/nordicecho.eu\/wp-content\/uploads\/2024\/12\/banner-1536x864.jpg 1536w\" sizes=\"auto, (max-width: 1800px) 100vw, 1800px\" \/><div class=\"wp-block-cover__inner-container has-global-padding is-layout-constrained wp-block-cover-is-layout-constrained\">\n<h1 class=\"wp-block-heading has-text-align-center has-xx-large-font-size\" style=\"margin-bottom:0\">Nordic Echo<\/h1>\n\n\n\n<p class=\"has-text-align-center\" style=\"margin-top:0px;margin-bottom:0px\">hear the echo of Nordic Design<\/p>\n<\/div><\/div>\n\n\n\n<div class=\"wp-block-group alignwide is-layout-flow wp-block-group-is-layout-flow\" style=\"padding-top:var(--wp--preset--spacing--70);padding-bottom:var(--wp--preset--spacing--70)\">\n<p>Willkommen bei Nordic Echo, Ihrem f\u00fchrenden Ziel f\u00fcr exquisite Antiquit\u00e4ten und hochwertige Secondhand-Kunstwerke aus dem Herzen der nordischen L\u00e4nder. Wir sind spezialisiert auf Keramik und Glas des 20. Jahrhunderts und bieten Ihnen au\u00dfergew\u00f6hnliche St\u00fccke, die von den renommiertesten K\u00fcnstlern dieser \u00c4ra geschaffen wurden. Erkunden Sie unsere sorgf\u00e4ltig kuratierte Kollektion und entdecken Sie die zeitlose Sch\u00f6nheit sowie das kunstvolle Handwerk, das jedes einzigartige Objekt auszeichnet. Bei Nordic Echo verbinden wir Sie mit dem reichen Erbe und der k\u00fcnstlerischen Exzellenz der Nordics. Finden Sie noch heute Ihren n\u00e4chsten Schatz bei uns.<\/p>\n<\/div>\n\n\n\n<div class=\"wp-block-group alignwide is-layout-flow wp-block-group-is-layout-flow\">\n<h4 class=\"wp-block-heading\">Neueste Objekte:<\/h4>\n<\/div>\n\n\n\n<figure class=\"wp-block-image alignwide size-large\" style=\"margin-bottom:var(--wp--preset--spacing--40)\"><a href=\"https:\/\/fleasy.de\/nordic-echo\" target=\"_blank\" rel=\" noreferrer noopener\"><img loading=\"lazy\" decoding=\"async\" width=\"1024\" height=\"297\" src=\"https:\/\/nordicecho.eu\/wp-content\/uploads\/2025\/01\/Screenshot-2025-01-09-at-22.23.32-1024x297.png\" alt=\"\" class=\"wp-image-1331\" srcset=\"https:\/\/nordicecho.eu\/wp-content\/uploads\/2025\/01\/Screenshot-2025-01-09-at-22.23.32-1024x297.png 1024w, https:\/\/nordicecho.eu\/wp-content\/uploads\/2025\/01\/Screenshot-2025-01-09-at-22.23.32-300x87.png 300w, https:\/\/nordicecho.eu\/wp-content\/uploads\/2025\/01\/Screenshot-2025-01-09-at-22.23.32-768x223.png 768w, https:\/\/nordicecho.eu\/wp-content\/uploads\/2025\/01\/Screenshot-2025-01-09-at-22.23.32-1536x446.png 1536w, https:\/\/nordicecho.eu\/wp-content\/uploads\/2025\/01\/Screenshot-2025-01-09-at-22.23.32-2048x594.png 2048w\" sizes=\"auto, (max-width: 1024px) 100vw, 1024px\" \/><\/a><\/figure>\n\n\n\n<div class=\"wp-block-group alignwide is-layout-flow wp-block-group-is-layout-flow\" style=\"margin-bottom:var(--wp--preset--spacing--80);padding-bottom:0\">\n<p style=\"font-size:clamp(0.875rem, 0.875rem + ((1vw - 0.2rem) * 0.043), 0.9rem);\"><strong>Wir verwalten alle unsere Verk\u00e4ufe \u00fcber die zuverl\u00e4ssige Plattform fleasy.de, die speziell f\u00fcr den Secondhand-Verkauf angepasst wurde. Sie finden all unsere Produkte auf <a href=\"https:\/\/fleasy.de\/nordic-echo\" target=\"_blank\" rel=\"noreferrer noopener\">fleasy.de\/nordic-echo<\/a> oder indem Sie den Produktlinks auf unserer Seite folgen. Schlie\u00dfen Sie Ihren Einkauf direkt auf der Plattform ab.<\/strong><\/p>\n<\/div>\n","protected":false},"excerpt":{"rendered":"<p>Willkommen bei Nordic Echo, Ihrem f\u00fchrenden Ziel f\u00fcr exquisite Antiquit\u00e4ten und hochwertige Secondhand-Kunstwerke aus dem Herzen der nordischen L\u00e4nder. Wir sind spezialisiert auf Keramik und Glas des 20. Jahrhunderts und bieten Ihnen au\u00dfergew\u00f6hnliche St\u00fccke, die von den renommiertesten K\u00fcnstlern dieser \u00c4ra geschaffen wurden. Erkunden Sie unsere sorgf\u00e4ltig kuratierte Kollektion und entdecken Sie die zeitlose Sch\u00f6nheit [&hellip;]<\/p>\n","protected":false},"author":1,"featured_media":0,"parent":0,"menu_order":0,"comment_status":"closed","ping_status":"closed","template":"","meta":{"footnotes":""},"class_list":["post-1264","page","type-page","status-publish","hentry"],"yoast_head":"<!-- This site is optimized with the Yoast SEO plugin v24.4 - https:\/\/yoast.com\/wordpress\/plugins\/seo\/ -->\n<title>Nordic Echo - Nordic Echo<\/title>\n<meta name=\"robots\" content=\"index, follow, max-snippet:-1, max-image-preview:large, max-video-preview:-1\" \/>\n<link rel=\"canonical\" href=\"https:\/\/nordicecho.eu\/de\/\" \/>\n<meta property=\"og:locale\" content=\"de_DE\" \/>\n<meta property=\"og:type\" content=\"article\" \/>\n<meta property=\"og:title\" content=\"Nordic Echo - Nordic Echo\" \/>\n<meta property=\"og:description\" content=\"Willkommen bei Nordic Echo, Ihrem f\u00fchrenden Ziel f\u00fcr exquisite Antiquit\u00e4ten und hochwertige Secondhand-Kunstwerke aus dem Herzen der nordischen L\u00e4nder. Wir sind spezialisiert auf Keramik und Glas des 20. Jahrhunderts und bieten Ihnen au\u00dfergew\u00f6hnliche St\u00fccke, die von den renommiertesten K\u00fcnstlern dieser \u00c4ra geschaffen wurden. Erkunden Sie unsere sorgf\u00e4ltig kuratierte Kollektion und entdecken Sie die zeitlose Sch\u00f6nheit [&hellip;]\" \/>\n<meta property=\"og:url\" content=\"https:\/\/nordicecho.eu\/de\/\" \/>\n<meta property=\"og:site_name\" content=\"Nordic Echo\" \/>\n<meta property=\"article:modified_time\" content=\"2025-01-14T21:29:44+00:00\" \/>\n<meta property=\"og:image\" content=\"https:\/\/nordicecho.eu\/wp-content\/uploads\/2024\/12\/banner.jpg\" \/>\n\t<meta property=\"og:image:width\" content=\"1800\" \/>\n\t<meta property=\"og:image:height\" content=\"1013\" \/>\n\t<meta property=\"og:image:type\" content=\"image\/jpeg\" \/>\n<meta name=\"twitter:card\" content=\"summary_large_image\" \/>\n<meta name=\"twitter:label1\" content=\"Gesch\u00e4tzte Lesezeit\" \/>\n\t<meta name=\"twitter:data1\" content=\"2\u00a0Minuten\" \/>\n<script type=\"application\/ld+json\" class=\"yoast-schema-graph\">{\"@context\":\"https:\/\/schema.org\",\"@graph\":[{\"@type\":\"WebPage\",\"@id\":\"https:\/\/nordicecho.eu\/de\/\",\"url\":\"https:\/\/nordicecho.eu\/de\/\",\"name\":\"Nordic Echo - Nordic Echo\",\"isPartOf\":{\"@id\":\"https:\/\/nordicecho.eu\/de\/#website\"},\"primaryImageOfPage\":{\"@id\":\"https:\/\/nordicecho.eu\/de\/#primaryimage\"},\"image\":{\"@id\":\"https:\/\/nordicecho.eu\/de\/#primaryimage\"},\"thumbnailUrl\":\"https:\/\/nordicecho.eu\/wp-content\/uploads\/2024\/12\/banner.jpg\",\"datePublished\":\"2024-12-23T12:57:02+00:00\",\"dateModified\":\"2025-01-14T21:29:44+00:00\",\"breadcrumb\":{\"@id\":\"https:\/\/nordicecho.eu\/de\/#breadcrumb\"},\"inLanguage\":\"de\",\"potentialAction\":[{\"@type\":\"ReadAction\",\"target\":[\"https:\/\/nordicecho.eu\/de\/\"]}]},{\"@type\":\"ImageObject\",\"inLanguage\":\"de\",\"@id\":\"https:\/\/nordicecho.eu\/de\/#primaryimage\",\"url\":\"https:\/\/nordicecho.eu\/wp-content\/uploads\/2024\/12\/banner.jpg\",\"contentUrl\":\"https:\/\/nordicecho.eu\/wp-content\/uploads\/2024\/12\/banner.jpg\"},{\"@type\":\"BreadcrumbList\",\"@id\":\"https:\/\/nordicecho.eu\/de\/#breadcrumb\",\"itemListElement\":[{\"@type\":\"ListItem\",\"position\":1,\"name\":\"Hem\",\"item\":\"https:\/\/nordicecho.eu\/de\/\"},{\"@type\":\"ListItem\",\"position\":2,\"name\":\"Nordic Echo\"}]},{\"@type\":\"WebSite\",\"@id\":\"https:\/\/nordicecho.eu\/de\/#website\",\"url\":\"https:\/\/nordicecho.eu\/de\/\",\"name\":\"Nordic Echo\",\"description\":\"\",\"publisher\":{\"@id\":\"https:\/\/nordicecho.eu\/de\/#organization\"},\"potentialAction\":[{\"@type\":\"SearchAction\",\"target\":{\"@type\":\"EntryPoint\",\"urlTemplate\":\"https:\/\/nordicecho.eu\/de\/?s={search_term_string}\"},\"query-input\":{\"@type\":\"PropertyValueSpecification\",\"valueRequired\":true,\"valueName\":\"search_term_string\"}}],\"inLanguage\":\"de\"},{\"@type\":\"Organization\",\"@id\":\"https:\/\/nordicecho.eu\/de\/#organization\",\"name\":\"Nordic Echo\",\"url\":\"https:\/\/nordicecho.eu\/de\/\",\"logo\":{\"@type\":\"ImageObject\",\"inLanguage\":\"de\",\"@id\":\"https:\/\/nordicecho.eu\/de\/#\/schema\/logo\/image\/\",\"url\":\"https:\/\/nordicecho.eu\/wp-content\/uploads\/2024\/06\/Screenshot-2024-10-03-at-17.12.40-copy.png\",\"contentUrl\":\"https:\/\/nordicecho.eu\/wp-content\/uploads\/2024\/06\/Screenshot-2024-10-03-at-17.12.40-copy.png\",\"width\":1498,\"height\":1024,\"caption\":\"Nordic Echo\"},\"image\":{\"@id\":\"https:\/\/nordicecho.eu\/de\/#\/schema\/logo\/image\/\"}}]}<\/script>\n<!-- \/ Yoast SEO plugin. -->","yoast_head_json":{"title":"Nordic Echo - Nordic Echo","robots":{"index":"index","follow":"follow","max-snippet":"max-snippet:-1","max-image-preview":"max-image-preview:large","max-video-preview":"max-video-preview:-1"},"canonical":"https:\/\/nordicecho.eu\/de\/","og_locale":"de_DE","og_type":"article","og_title":"Nordic Echo - Nordic Echo","og_description":"Willkommen bei Nordic Echo, Ihrem f\u00fchrenden Ziel f\u00fcr exquisite Antiquit\u00e4ten und hochwertige Secondhand-Kunstwerke aus dem Herzen der nordischen L\u00e4nder. Wir sind spezialisiert auf Keramik und Glas des 20. Jahrhunderts und bieten Ihnen au\u00dfergew\u00f6hnliche St\u00fccke, die von den renommiertesten K\u00fcnstlern dieser \u00c4ra geschaffen wurden. Erkunden Sie unsere sorgf\u00e4ltig kuratierte Kollektion und entdecken Sie die zeitlose Sch\u00f6nheit [&hellip;]","og_url":"https:\/\/nordicecho.eu\/de\/","og_site_name":"Nordic Echo","article_modified_time":"2025-01-14T21:29:44+00:00","og_image":[{"width":1800,"height":1013,"url":"https:\/\/nordicecho.eu\/wp-content\/uploads\/2024\/12\/banner.jpg","type":"image\/jpeg"}],"twitter_card":"summary_large_image","twitter_misc":{"Gesch\u00e4tzte Lesezeit":"2\u00a0Minuten"},"schema":{"@context":"https:\/\/schema.org","@graph":[{"@type":"WebPage","@id":"https:\/\/nordicecho.eu\/de\/","url":"https:\/\/nordicecho.eu\/de\/","name":"Nordic Echo - Nordic Echo","isPartOf":{"@id":"https:\/\/nordicecho.eu\/de\/#website"},"primaryImageOfPage":{"@id":"https:\/\/nordicecho.eu\/de\/#primaryimage"},"image":{"@id":"https:\/\/nordicecho.eu\/de\/#primaryimage"},"thumbnailUrl":"https:\/\/nordicecho.eu\/wp-content\/uploads\/2024\/12\/banner.jpg","datePublished":"2024-12-23T12:57:02+00:00","dateModified":"2025-01-14T21:29:44+00:00","breadcrumb":{"@id":"https:\/\/nordicecho.eu\/de\/#breadcrumb"},"inLanguage":"de","potentialAction":[{"@type":"ReadAction","target":["https:\/\/nordicecho.eu\/de\/"]}]},{"@type":"ImageObject","inLanguage":"de","@id":"https:\/\/nordicecho.eu\/de\/#primaryimage","url":"https:\/\/nordicecho.eu\/wp-content\/uploads\/2024\/12\/banner.jpg","contentUrl":"https:\/\/nordicecho.eu\/wp-content\/uploads\/2024\/12\/banner.jpg"},{"@type":"BreadcrumbList","@id":"https:\/\/nordicecho.eu\/de\/#breadcrumb","itemListElement":[{"@type":"ListItem","position":1,"name":"Hem","item":"https:\/\/nordicecho.eu\/de\/"},{"@type":"ListItem","position":2,"name":"Nordic Echo"}]},{"@type":"WebSite","@id":"https:\/\/nordicecho.eu\/de\/#website","url":"https:\/\/nordicecho.eu\/de\/","name":"Nordic Echo","description":"","publisher":{"@id":"https:\/\/nordicecho.eu\/de\/#organization"},"potentialAction":[{"@type":"SearchAction","target":{"@type":"EntryPoint","urlTemplate":"https:\/\/nordicecho.eu\/de\/?s={search_term_string}"},"query-input":{"@type":"PropertyValueSpecification","valueRequired":true,"valueName":"search_term_string"}}],"inLanguage":"de"},{"@type":"Organization","@id":"https:\/\/nordicecho.eu\/de\/#organization","name":"Nordic Echo","url":"https:\/\/nordicecho.eu\/de\/","logo":{"@type":"ImageObject","inLanguage":"de","@id":"https:\/\/nordicecho.eu\/de\/#\/schema\/logo\/image\/","url":"https:\/\/nordicecho.eu\/wp-content\/uploads\/2024\/06\/Screenshot-2024-10-03-at-17.12.40-copy.png","contentUrl":"https:\/\/nordicecho.eu\/wp-content\/uploads\/2024\/06\/Screenshot-2024-10-03-at-17.12.40-copy.png","width":1498,"height":1024,"caption":"Nordic Echo"},"image":{"@id":"https:\/\/nordicecho.eu\/de\/#\/schema\/logo\/image\/"}}]}},"_links":{"self":[{"href":"https:\/\/nordicecho.eu\/de\/wp-json\/wp\/v2\/pages\/1264","targetHints":{"allow":["GET"]}}],"collection":[{"href":"https:\/\/nordicecho.eu\/de\/wp-json\/wp\/v2\/pages"}],"about":[{"href":"https:\/\/nordicecho.eu\/de\/wp-json\/wp\/v2\/types\/page"}],"author":[{"embeddable":true,"href":"https:\/\/nordicecho.eu\/de\/wp-json\/wp\/v2\/users\/1"}],"replies":[{"embeddable":true,"href":"https:\/\/nordicecho.eu\/de\/wp-json\/wp\/v2\/comments?post=1264"}],"version-history":[{"count":3,"href":"https:\/\/nordicecho.eu\/de\/wp-json\/wp\/v2\/pages\/1264\/revisions"}],"predecessor-version":[{"id":1446,"href":"https:\/\/nordicecho.eu\/de\/wp-json\/wp\/v2\/pages\/1264\/revisions\/1446"}],"wp:attachment":[{"href":"https:\/\/nordicecho.eu\/de\/wp-json\/wp\/v2\/media?parent=1264"}],"curies":[{"name":"wp","href":"https:\/\/api.w.org\/{rel}","templated":true}]}}