{"id":1649,"date":"2025-01-15T21:29:04","date_gmt":"2025-01-15T21:29:04","guid":{"rendered":"https:\/\/nordicecho.eu\/?page_id=1649"},"modified":"2025-01-28T21:50:23","modified_gmt":"2025-01-28T21:50:23","slug":"terminos-y-condiciones","status":"publish","type":"page","link":"https:\/\/nordicecho.eu\/es\/terminos-y-condiciones\/","title":{"rendered":"T\u00e9rminos y Condiciones"},"content":{"rendered":"\n<div class=\"wp-block-group alignwide is-layout-flow wp-block-group-is-layout-flow\" style=\"padding-top:var(--wp--preset--spacing--80);padding-bottom:var(--wp--preset--spacing--80)\">\n<h1 class=\"wp-block-heading\" style=\"padding-bottom:var(--wp--preset--spacing--50)\">T\u00e9rminos y Condiciones<\/h1>\n\n\n\n<p><strong>\u00a71 Ventas<\/strong><br>Todas las ventas se realizan a trav\u00e9s de la plataforma de confianza Fleasy. Fleasy es un mercado que facilita el comercio de productos de segunda mano. Sin embargo, el contrato de compra se establece directamente entre usted como comprador y nosotros como vendedor, lo que significa que somos responsables de cumplir con los t\u00e9rminos del contrato.<\/p>\n\n\n\n<p><strong>\u00a72 Pago<\/strong><br>Los pagos se procesan directamente en la plataforma a trav\u00e9s de Stripe en la moneda seleccionada. Puede utilizar m\u00e9todos de pago como Visa, Mastercard, American Express, entre otros. El pago debe completarse antes de que enviemos el producto. Stripe garantiza un proceso de pago seguro, y sus datos de pago est\u00e1n protegidos de acuerdo con los est\u00e1ndares actuales de seguridad de datos.<\/p>\n\n\n\n<p><strong>\u00a73 Env\u00edo<\/strong><br>Realizamos env\u00edos a toda la UE. Su pedido se embala cuidadosamente para garantizar una entrega segura. Los costos de env\u00edo dependen de la cantidad de art\u00edculos en el pedido y su peso. El costo total del env\u00edo se muestra en el carrito antes de completar su pedido.<\/p>\n\n\n\n<p><strong>\u00a74 Garant\u00eda de Entrega<\/strong><br>En casos excepcionales, los paquetes pueden perderse durante la entrega. Si esto ocurre, recibir\u00e1 un reembolso completo una vez que haya pasado el tiempo estimado de entrega. Nos esforzamos por proporcionar una descripci\u00f3n precisa de los art\u00edculos en nuestras descripciones de productos y siempre tomamos fotos \u00fanicas de cada art\u00edculo. Si no hemos descrito el estado del art\u00edculo correctamente, tiene derecho a un reembolso parcial razonable.<\/p>\n\n\n\n<p><strong>\u00a75 Paquetes No Reclamados<\/strong><br>Si no recoge su paquete, este ser\u00e1 devuelto a nosotros. En tales casos, reembolsaremos su compra, pero deduciremos los costos de env\u00edo original y de devoluci\u00f3n.<\/p>\n\n\n\n<p><strong>\u00a76 Devoluciones<\/strong><br>Aceptamos devoluciones, pero usted es responsable de devolver el producto. Las devoluciones deben enviarse en las mismas condiciones en que se recibieron, y usted asumir\u00e1 el costo del env\u00edo de devoluci\u00f3n.<\/p>\n\n\n\n<p><strong>\u00a77 Cambios en los T\u00e9rminos<\/strong><br>Nos reservamos el derecho de modificar estos t\u00e9rminos seg\u00fan sea necesario. Cualquier cambio entrar\u00e1 en vigor cuando se publique en nuestro sitio web. Es responsabilidad del cliente mantenerse informado sobre los t\u00e9rminos vigentes.<\/p>\n\n\n\n<p><strong>\u00a78 Pol\u00edtica de Privacidad<\/strong><br>Para recibir, procesar y entregar su pedido, procesamos sus datos personales. Todo el procesamiento de datos personales se realiza de acuerdo con la legislaci\u00f3n de protecci\u00f3n de datos aplicable. Consulte nuestro anexo de Pol\u00edtica de Privacidad para obtener m\u00e1s informaci\u00f3n.<\/p>\n<\/div>\n","protected":false},"excerpt":{"rendered":"<p>T\u00e9rminos y Condiciones \u00a71 VentasTodas las ventas se realizan a trav\u00e9s de la plataforma de confianza Fleasy. Fleasy es un mercado que facilita el comercio de productos de segunda mano. Sin embargo, el contrato de compra se establece directamente entre usted como comprador y nosotros como vendedor, lo que significa que somos responsables de cumplir [&hellip;]<\/p>\n","protected":false},"author":1,"featured_media":0,"parent":0,"menu_order":0,"comment_status":"closed","ping_status":"closed","template":"","meta":{"footnotes":""},"class_list":["post-1649","page","type-page","status-publish","hentry"],"yoast_head":"<!-- This site is optimized with the Yoast SEO plugin v24.4 - https:\/\/yoast.com\/wordpress\/plugins\/seo\/ -->\n<title>T\u00e9rminos y Condiciones - Nordic Echo<\/title>\n<meta name=\"robots\" content=\"index, follow, max-snippet:-1, max-image-preview:large, max-video-preview:-1\" \/>\n<link rel=\"canonical\" href=\"https:\/\/nordicecho.eu\/es\/terminos-y-condiciones\/\" \/>\n<meta property=\"og:locale\" content=\"es_ES\" \/>\n<meta property=\"og:type\" content=\"article\" \/>\n<meta property=\"og:title\" content=\"T\u00e9rminos y Condiciones - Nordic Echo\" \/>\n<meta property=\"og:description\" content=\"T\u00e9rminos y Condiciones \u00a71 VentasTodas las ventas se realizan a trav\u00e9s de la plataforma de confianza Fleasy. Fleasy es un mercado que facilita el comercio de productos de segunda mano. Sin embargo, el contrato de compra se establece directamente entre usted como comprador y nosotros como vendedor, lo que significa que somos responsables de cumplir [&hellip;]\" \/>\n<meta property=\"og:url\" content=\"https:\/\/nordicecho.eu\/es\/terminos-y-condiciones\/\" \/>\n<meta property=\"og:site_name\" content=\"Nordic Echo\" \/>\n<meta property=\"article:modified_time\" content=\"2025-01-28T21:50:23+00:00\" \/>\n<meta name=\"twitter:card\" content=\"summary_large_image\" \/>\n<meta name=\"twitter:label1\" content=\"Tiempo de lectura\" \/>\n\t<meta name=\"twitter:data1\" content=\"2 minutos\" \/>\n<script type=\"application\/ld+json\" class=\"yoast-schema-graph\">{\"@context\":\"https:\/\/schema.org\",\"@graph\":[{\"@type\":\"WebPage\",\"@id\":\"https:\/\/nordicecho.eu\/es\/terminos-y-condiciones\/\",\"url\":\"https:\/\/nordicecho.eu\/es\/terminos-y-condiciones\/\",\"name\":\"T\u00e9rminos y Condiciones - Nordic Echo\",\"isPartOf\":{\"@id\":\"https:\/\/nordicecho.eu\/es\/#website\"},\"datePublished\":\"2025-01-15T21:29:04+00:00\",\"dateModified\":\"2025-01-28T21:50:23+00:00\",\"breadcrumb\":{\"@id\":\"https:\/\/nordicecho.eu\/es\/terminos-y-condiciones\/#breadcrumb\"},\"inLanguage\":\"es\",\"potentialAction\":[{\"@type\":\"ReadAction\",\"target\":[\"https:\/\/nordicecho.eu\/es\/terminos-y-condiciones\/\"]}]},{\"@type\":\"BreadcrumbList\",\"@id\":\"https:\/\/nordicecho.eu\/es\/terminos-y-condiciones\/#breadcrumb\",\"itemListElement\":[{\"@type\":\"ListItem\",\"position\":1,\"name\":\"Hem\",\"item\":\"https:\/\/nordicecho.eu\/es\/\"},{\"@type\":\"ListItem\",\"position\":2,\"name\":\"T\u00e9rminos y Condiciones\"}]},{\"@type\":\"WebSite\",\"@id\":\"https:\/\/nordicecho.eu\/es\/#website\",\"url\":\"https:\/\/nordicecho.eu\/es\/\",\"name\":\"Nordic Echo\",\"description\":\"\",\"publisher\":{\"@id\":\"https:\/\/nordicecho.eu\/es\/#organization\"},\"potentialAction\":[{\"@type\":\"SearchAction\",\"target\":{\"@type\":\"EntryPoint\",\"urlTemplate\":\"https:\/\/nordicecho.eu\/es\/?s={search_term_string}\"},\"query-input\":{\"@type\":\"PropertyValueSpecification\",\"valueRequired\":true,\"valueName\":\"search_term_string\"}}],\"inLanguage\":\"es\"},{\"@type\":\"Organization\",\"@id\":\"https:\/\/nordicecho.eu\/es\/#organization\",\"name\":\"Nordic Echo\",\"url\":\"https:\/\/nordicecho.eu\/es\/\",\"logo\":{\"@type\":\"ImageObject\",\"inLanguage\":\"es\",\"@id\":\"https:\/\/nordicecho.eu\/es\/#\/schema\/logo\/image\/\",\"url\":\"https:\/\/nordicecho.eu\/wp-content\/uploads\/2024\/06\/Screenshot-2024-10-03-at-17.12.40-copy.png\",\"contentUrl\":\"https:\/\/nordicecho.eu\/wp-content\/uploads\/2024\/06\/Screenshot-2024-10-03-at-17.12.40-copy.png\",\"width\":1498,\"height\":1024,\"caption\":\"Nordic Echo\"},\"image\":{\"@id\":\"https:\/\/nordicecho.eu\/es\/#\/schema\/logo\/image\/\"}}]}<\/script>\n<!-- \/ Yoast SEO plugin. -->","yoast_head_json":{"title":"T\u00e9rminos y Condiciones - Nordic Echo","robots":{"index":"index","follow":"follow","max-snippet":"max-snippet:-1","max-image-preview":"max-image-preview:large","max-video-preview":"max-video-preview:-1"},"canonical":"https:\/\/nordicecho.eu\/es\/terminos-y-condiciones\/","og_locale":"es_ES","og_type":"article","og_title":"T\u00e9rminos y Condiciones - Nordic Echo","og_description":"T\u00e9rminos y Condiciones \u00a71 VentasTodas las ventas se realizan a trav\u00e9s de la plataforma de confianza Fleasy. Fleasy es un mercado que facilita el comercio de productos de segunda mano. Sin embargo, el contrato de compra se establece directamente entre usted como comprador y nosotros como vendedor, lo que significa que somos responsables de cumplir [&hellip;]","og_url":"https:\/\/nordicecho.eu\/es\/terminos-y-condiciones\/","og_site_name":"Nordic Echo","article_modified_time":"2025-01-28T21:50:23+00:00","twitter_card":"summary_large_image","twitter_misc":{"Tiempo de lectura":"2 minutos"},"schema":{"@context":"https:\/\/schema.org","@graph":[{"@type":"WebPage","@id":"https:\/\/nordicecho.eu\/es\/terminos-y-condiciones\/","url":"https:\/\/nordicecho.eu\/es\/terminos-y-condiciones\/","name":"T\u00e9rminos y Condiciones - Nordic Echo","isPartOf":{"@id":"https:\/\/nordicecho.eu\/es\/#website"},"datePublished":"2025-01-15T21:29:04+00:00","dateModified":"2025-01-28T21:50:23+00:00","breadcrumb":{"@id":"https:\/\/nordicecho.eu\/es\/terminos-y-condiciones\/#breadcrumb"},"inLanguage":"es","potentialAction":[{"@type":"ReadAction","target":["https:\/\/nordicecho.eu\/es\/terminos-y-condiciones\/"]}]},{"@type":"BreadcrumbList","@id":"https:\/\/nordicecho.eu\/es\/terminos-y-condiciones\/#breadcrumb","itemListElement":[{"@type":"ListItem","position":1,"name":"Hem","item":"https:\/\/nordicecho.eu\/es\/"},{"@type":"ListItem","position":2,"name":"T\u00e9rminos y Condiciones"}]},{"@type":"WebSite","@id":"https:\/\/nordicecho.eu\/es\/#website","url":"https:\/\/nordicecho.eu\/es\/","name":"Nordic Echo","description":"","publisher":{"@id":"https:\/\/nordicecho.eu\/es\/#organization"},"potentialAction":[{"@type":"SearchAction","target":{"@type":"EntryPoint","urlTemplate":"https:\/\/nordicecho.eu\/es\/?s={search_term_string}"},"query-input":{"@type":"PropertyValueSpecification","valueRequired":true,"valueName":"search_term_string"}}],"inLanguage":"es"},{"@type":"Organization","@id":"https:\/\/nordicecho.eu\/es\/#organization","name":"Nordic Echo","url":"https:\/\/nordicecho.eu\/es\/","logo":{"@type":"ImageObject","inLanguage":"es","@id":"https:\/\/nordicecho.eu\/es\/#\/schema\/logo\/image\/","url":"https:\/\/nordicecho.eu\/wp-content\/uploads\/2024\/06\/Screenshot-2024-10-03-at-17.12.40-copy.png","contentUrl":"https:\/\/nordicecho.eu\/wp-content\/uploads\/2024\/06\/Screenshot-2024-10-03-at-17.12.40-copy.png","width":1498,"height":1024,"caption":"Nordic Echo"},"image":{"@id":"https:\/\/nordicecho.eu\/es\/#\/schema\/logo\/image\/"}}]}},"_links":{"self":[{"href":"https:\/\/nordicecho.eu\/es\/wp-json\/wp\/v2\/pages\/1649","targetHints":{"allow":["GET"]}}],"collection":[{"href":"https:\/\/nordicecho.eu\/es\/wp-json\/wp\/v2\/pages"}],"about":[{"href":"https:\/\/nordicecho.eu\/es\/wp-json\/wp\/v2\/types\/page"}],"author":[{"embeddable":true,"href":"https:\/\/nordicecho.eu\/es\/wp-json\/wp\/v2\/users\/1"}],"replies":[{"embeddable":true,"href":"https:\/\/nordicecho.eu\/es\/wp-json\/wp\/v2\/comments?post=1649"}],"version-history":[{"count":2,"href":"https:\/\/nordicecho.eu\/es\/wp-json\/wp\/v2\/pages\/1649\/revisions"}],"predecessor-version":[{"id":1651,"href":"https:\/\/nordicecho.eu\/es\/wp-json\/wp\/v2\/pages\/1649\/revisions\/1651"}],"wp:attachment":[{"href":"https:\/\/nordicecho.eu\/es\/wp-json\/wp\/v2\/media?parent=1649"}],"curies":[{"name":"wp","href":"https:\/\/api.w.org\/{rel}","templated":true}]}}