{"id":1619,"date":"2024-12-23T17:36:45","date_gmt":"2024-12-23T17:36:45","guid":{"rendered":"https:\/\/nordicecho.eu\/?page_id=1619"},"modified":"2025-01-23T22:18:29","modified_gmt":"2025-01-23T22:18:29","slug":"meista","status":"publish","type":"page","link":"https:\/\/nordicecho.eu\/fi\/meista\/","title":{"rendered":"Meist\u00e4"},"content":{"rendered":"\n<div class=\"wp-block-group alignwide is-layout-flow wp-block-group-is-layout-flow\" style=\"padding-top:var(--wp--preset--spacing--80);padding-bottom:var(--wp--preset--spacing--60)\">\n<h1 class=\"wp-block-heading\">Meist\u00e4<\/h1>\n\n\n\n<h3 class=\"wp-block-heading\"><strong>Tervetuloa Nordic Echoon \u2013 Ajattomia Pohjoismaisia Aarteita<\/strong><\/h3>\n\n\n\n<p><strong>Nordic Echo<\/strong>&nbsp;on erikoistunut&nbsp;<strong>1900-luvun keramiikkaan, lasiin ja toisen k\u00e4den taideteoksiin<\/strong>, jotka ovat per\u00e4isin Pohjoismaista. Jokainen kokoelmamme esine on huolella valittu sen&nbsp;<strong>aitouden, kauneuden ja historian<\/strong>&nbsp;vuoksi, ja juhlistaa n\u00e4in alueen rikasta perint\u00f6\u00e4 ja k\u00e4sity\u00f6taitoa. Olitpa sitten ker\u00e4ilij\u00e4 tai vain vintage-muotoilun yst\u00e4v\u00e4, tarkoin kuratoitu valikoimamme tarjoaa ajattomia aarteita, jotka voivat inspiroida kotiasi.<\/p>\n\n\n\n<h3 class=\"wp-block-heading\"><strong>Missiomme<\/strong><\/h3>\n\n\n\n<p>Uskomme taiteen uuden el\u00e4m\u00e4n tarjoamiseen. Keskittym\u00e4ll\u00e4 yksinomaan toisen k\u00e4den taideteoksiin kunnioitamme jokaisen esineen tarinaa ja edist\u00e4mme samalla kest\u00e4v\u00e4\u00e4 kulutusta. Jokainen ostos tukee vihre\u00e4mp\u00e4\u00e4 tulevaisuutta, pident\u00e4\u00e4 n\u00e4iden ajattomien luomusten elinkaarta ja v\u00e4hent\u00e4\u00e4 j\u00e4tett\u00e4.<\/p>\n\n\n\n<h3 class=\"wp-block-heading\"><strong>Osta Luottavaisin Mielin<\/strong><\/h3>\n\n\n\n<p>Teemme yhteisty\u00f6t\u00e4 luotettavan\u00a0<strong><a href=\"https:\/\/fleasy.eu\/\" target=\"_blank\" rel=\"noreferrer noopener\">fleasy.eu<\/a><\/strong>-alustan kanssa, jotta ostokokemuksesi olisi helppo, kest\u00e4v\u00e4 ja turvallinen. Tutustu yksityiskohtaisiin kuvauksiin, korkealaatuisiin kuviin ja nauti sujuvasta maksuprosessista \u2013 kaikki omasta kodistasi k\u00e4sin. Toimitamme kaikkialle Eurooppaan ja varmistamme, ett\u00e4 valitsemasi aarre saapuu turvallisesti ja ajallaan.<\/p>\n<\/div>\n\n\n\n<div class=\"wp-block-group alignwide is-layout-flow wp-block-group-is-layout-flow\" style=\"padding-bottom:var(--wp--preset--spacing--80)\">\n<p><strong>Nordic Echolla yhdist\u00e4mme pohjoismaisen taiteen ja historian kest\u00e4v\u00e4\u00e4n tulevaisuuteen.<\/strong> L\u00f6yd\u00e4 seuraava aarteesi jo t\u00e4n\u00e4\u00e4n!<\/p>\n<\/div>\n","protected":false},"excerpt":{"rendered":"<p>Meist\u00e4 Tervetuloa Nordic Echoon \u2013 Ajattomia Pohjoismaisia Aarteita Nordic Echo&nbsp;on erikoistunut&nbsp;1900-luvun keramiikkaan, lasiin ja toisen k\u00e4den taideteoksiin, jotka ovat per\u00e4isin Pohjoismaista. Jokainen kokoelmamme esine on huolella valittu sen&nbsp;aitouden, kauneuden ja historian&nbsp;vuoksi, ja juhlistaa n\u00e4in alueen rikasta perint\u00f6\u00e4 ja k\u00e4sity\u00f6taitoa. Olitpa sitten ker\u00e4ilij\u00e4 tai vain vintage-muotoilun yst\u00e4v\u00e4, tarkoin kuratoitu valikoimamme tarjoaa ajattomia aarteita, jotka voivat inspiroida [&hellip;]<\/p>\n","protected":false},"author":1,"featured_media":0,"parent":0,"menu_order":0,"comment_status":"closed","ping_status":"closed","template":"","meta":{"footnotes":""},"class_list":["post-1619","page","type-page","status-publish","hentry"],"yoast_head":"<!-- This site is optimized with the Yoast SEO plugin v24.4 - https:\/\/yoast.com\/wordpress\/plugins\/seo\/ -->\n<title>Meist\u00e4 - Nordic Echo<\/title>\n<meta name=\"robots\" content=\"index, follow, max-snippet:-1, max-image-preview:large, max-video-preview:-1\" \/>\n<link rel=\"canonical\" href=\"https:\/\/nordicecho.eu\/fi\/meista\/\" \/>\n<meta property=\"og:locale\" content=\"fi_FI\" \/>\n<meta property=\"og:type\" content=\"article\" \/>\n<meta property=\"og:title\" content=\"Meist\u00e4 - Nordic Echo\" \/>\n<meta property=\"og:description\" content=\"Meist\u00e4 Tervetuloa Nordic Echoon \u2013 Ajattomia Pohjoismaisia Aarteita Nordic Echo&nbsp;on erikoistunut&nbsp;1900-luvun keramiikkaan, lasiin ja toisen k\u00e4den taideteoksiin, jotka ovat per\u00e4isin Pohjoismaista. Jokainen kokoelmamme esine on huolella valittu sen&nbsp;aitouden, kauneuden ja historian&nbsp;vuoksi, ja juhlistaa n\u00e4in alueen rikasta perint\u00f6\u00e4 ja k\u00e4sity\u00f6taitoa. Olitpa sitten ker\u00e4ilij\u00e4 tai vain vintage-muotoilun yst\u00e4v\u00e4, tarkoin kuratoitu valikoimamme tarjoaa ajattomia aarteita, jotka voivat inspiroida [&hellip;]\" \/>\n<meta property=\"og:url\" content=\"https:\/\/nordicecho.eu\/fi\/meista\/\" \/>\n<meta property=\"og:site_name\" content=\"Nordic Echo\" \/>\n<meta property=\"article:modified_time\" content=\"2025-01-23T22:18:29+00:00\" \/>\n<meta name=\"twitter:card\" content=\"summary_large_image\" \/>\n<meta name=\"twitter:label1\" content=\"Arvioitu lukuaika\" \/>\n\t<meta name=\"twitter:data1\" content=\"1 minuutti\" \/>\n<script type=\"application\/ld+json\" class=\"yoast-schema-graph\">{\"@context\":\"https:\/\/schema.org\",\"@graph\":[{\"@type\":\"WebPage\",\"@id\":\"https:\/\/nordicecho.eu\/fi\/meista\/\",\"url\":\"https:\/\/nordicecho.eu\/fi\/meista\/\",\"name\":\"Meist\u00e4 - Nordic Echo\",\"isPartOf\":{\"@id\":\"https:\/\/nordicecho.eu\/fi\/#website\"},\"datePublished\":\"2024-12-23T17:36:45+00:00\",\"dateModified\":\"2025-01-23T22:18:29+00:00\",\"breadcrumb\":{\"@id\":\"https:\/\/nordicecho.eu\/fi\/meista\/#breadcrumb\"},\"inLanguage\":\"fi\",\"potentialAction\":[{\"@type\":\"ReadAction\",\"target\":[\"https:\/\/nordicecho.eu\/fi\/meista\/\"]}]},{\"@type\":\"BreadcrumbList\",\"@id\":\"https:\/\/nordicecho.eu\/fi\/meista\/#breadcrumb\",\"itemListElement\":[{\"@type\":\"ListItem\",\"position\":1,\"name\":\"Hem\",\"item\":\"https:\/\/nordicecho.eu\/fi\/\"},{\"@type\":\"ListItem\",\"position\":2,\"name\":\"Meist\u00e4\"}]},{\"@type\":\"WebSite\",\"@id\":\"https:\/\/nordicecho.eu\/fi\/#website\",\"url\":\"https:\/\/nordicecho.eu\/fi\/\",\"name\":\"Nordic Echo\",\"description\":\"\",\"publisher\":{\"@id\":\"https:\/\/nordicecho.eu\/fi\/#organization\"},\"potentialAction\":[{\"@type\":\"SearchAction\",\"target\":{\"@type\":\"EntryPoint\",\"urlTemplate\":\"https:\/\/nordicecho.eu\/fi\/?s={search_term_string}\"},\"query-input\":{\"@type\":\"PropertyValueSpecification\",\"valueRequired\":true,\"valueName\":\"search_term_string\"}}],\"inLanguage\":\"fi\"},{\"@type\":\"Organization\",\"@id\":\"https:\/\/nordicecho.eu\/fi\/#organization\",\"name\":\"Nordic Echo\",\"url\":\"https:\/\/nordicecho.eu\/fi\/\",\"logo\":{\"@type\":\"ImageObject\",\"inLanguage\":\"fi\",\"@id\":\"https:\/\/nordicecho.eu\/fi\/#\/schema\/logo\/image\/\",\"url\":\"https:\/\/nordicecho.eu\/wp-content\/uploads\/2024\/06\/Screenshot-2024-10-03-at-17.12.40-copy.png\",\"contentUrl\":\"https:\/\/nordicecho.eu\/wp-content\/uploads\/2024\/06\/Screenshot-2024-10-03-at-17.12.40-copy.png\",\"width\":1498,\"height\":1024,\"caption\":\"Nordic Echo\"},\"image\":{\"@id\":\"https:\/\/nordicecho.eu\/fi\/#\/schema\/logo\/image\/\"}}]}<\/script>\n<!-- \/ Yoast SEO plugin. -->","yoast_head_json":{"title":"Meist\u00e4 - Nordic Echo","robots":{"index":"index","follow":"follow","max-snippet":"max-snippet:-1","max-image-preview":"max-image-preview:large","max-video-preview":"max-video-preview:-1"},"canonical":"https:\/\/nordicecho.eu\/fi\/meista\/","og_locale":"fi_FI","og_type":"article","og_title":"Meist\u00e4 - Nordic Echo","og_description":"Meist\u00e4 Tervetuloa Nordic Echoon \u2013 Ajattomia Pohjoismaisia Aarteita Nordic Echo&nbsp;on erikoistunut&nbsp;1900-luvun keramiikkaan, lasiin ja toisen k\u00e4den taideteoksiin, jotka ovat per\u00e4isin Pohjoismaista. Jokainen kokoelmamme esine on huolella valittu sen&nbsp;aitouden, kauneuden ja historian&nbsp;vuoksi, ja juhlistaa n\u00e4in alueen rikasta perint\u00f6\u00e4 ja k\u00e4sity\u00f6taitoa. Olitpa sitten ker\u00e4ilij\u00e4 tai vain vintage-muotoilun yst\u00e4v\u00e4, tarkoin kuratoitu valikoimamme tarjoaa ajattomia aarteita, jotka voivat inspiroida [&hellip;]","og_url":"https:\/\/nordicecho.eu\/fi\/meista\/","og_site_name":"Nordic Echo","article_modified_time":"2025-01-23T22:18:29+00:00","twitter_card":"summary_large_image","twitter_misc":{"Arvioitu lukuaika":"1 minuutti"},"schema":{"@context":"https:\/\/schema.org","@graph":[{"@type":"WebPage","@id":"https:\/\/nordicecho.eu\/fi\/meista\/","url":"https:\/\/nordicecho.eu\/fi\/meista\/","name":"Meist\u00e4 - Nordic Echo","isPartOf":{"@id":"https:\/\/nordicecho.eu\/fi\/#website"},"datePublished":"2024-12-23T17:36:45+00:00","dateModified":"2025-01-23T22:18:29+00:00","breadcrumb":{"@id":"https:\/\/nordicecho.eu\/fi\/meista\/#breadcrumb"},"inLanguage":"fi","potentialAction":[{"@type":"ReadAction","target":["https:\/\/nordicecho.eu\/fi\/meista\/"]}]},{"@type":"BreadcrumbList","@id":"https:\/\/nordicecho.eu\/fi\/meista\/#breadcrumb","itemListElement":[{"@type":"ListItem","position":1,"name":"Hem","item":"https:\/\/nordicecho.eu\/fi\/"},{"@type":"ListItem","position":2,"name":"Meist\u00e4"}]},{"@type":"WebSite","@id":"https:\/\/nordicecho.eu\/fi\/#website","url":"https:\/\/nordicecho.eu\/fi\/","name":"Nordic Echo","description":"","publisher":{"@id":"https:\/\/nordicecho.eu\/fi\/#organization"},"potentialAction":[{"@type":"SearchAction","target":{"@type":"EntryPoint","urlTemplate":"https:\/\/nordicecho.eu\/fi\/?s={search_term_string}"},"query-input":{"@type":"PropertyValueSpecification","valueRequired":true,"valueName":"search_term_string"}}],"inLanguage":"fi"},{"@type":"Organization","@id":"https:\/\/nordicecho.eu\/fi\/#organization","name":"Nordic Echo","url":"https:\/\/nordicecho.eu\/fi\/","logo":{"@type":"ImageObject","inLanguage":"fi","@id":"https:\/\/nordicecho.eu\/fi\/#\/schema\/logo\/image\/","url":"https:\/\/nordicecho.eu\/wp-content\/uploads\/2024\/06\/Screenshot-2024-10-03-at-17.12.40-copy.png","contentUrl":"https:\/\/nordicecho.eu\/wp-content\/uploads\/2024\/06\/Screenshot-2024-10-03-at-17.12.40-copy.png","width":1498,"height":1024,"caption":"Nordic Echo"},"image":{"@id":"https:\/\/nordicecho.eu\/fi\/#\/schema\/logo\/image\/"}}]}},"_links":{"self":[{"href":"https:\/\/nordicecho.eu\/fi\/wp-json\/wp\/v2\/pages\/1619","targetHints":{"allow":["GET"]}}],"collection":[{"href":"https:\/\/nordicecho.eu\/fi\/wp-json\/wp\/v2\/pages"}],"about":[{"href":"https:\/\/nordicecho.eu\/fi\/wp-json\/wp\/v2\/types\/page"}],"author":[{"embeddable":true,"href":"https:\/\/nordicecho.eu\/fi\/wp-json\/wp\/v2\/users\/1"}],"replies":[{"embeddable":true,"href":"https:\/\/nordicecho.eu\/fi\/wp-json\/wp\/v2\/comments?post=1619"}],"version-history":[{"count":2,"href":"https:\/\/nordicecho.eu\/fi\/wp-json\/wp\/v2\/pages\/1619\/revisions"}],"predecessor-version":[{"id":1634,"href":"https:\/\/nordicecho.eu\/fi\/wp-json\/wp\/v2\/pages\/1619\/revisions\/1634"}],"wp:attachment":[{"href":"https:\/\/nordicecho.eu\/fi\/wp-json\/wp\/v2\/media?parent=1619"}],"curies":[{"name":"wp","href":"https:\/\/api.w.org\/{rel}","templated":true}]}}