{"id":1266,"date":"2024-12-23T12:57:02","date_gmt":"2024-12-23T12:57:02","guid":{"rendered":"https:\/\/nordicecho.eu\/startsida\/"},"modified":"2025-01-14T21:34:34","modified_gmt":"2025-01-14T21:34:34","slug":"startsida","status":"publish","type":"page","link":"https:\/\/nordicecho.eu\/pl\/","title":{"rendered":"Nordic Echo"},"content":{"rendered":"\n<div class=\"wp-block-cover alignfull\"><span aria-hidden=\"true\" class=\"wp-block-cover__background has-contrast-background-color has-background-dim\"><\/span><img loading=\"lazy\" decoding=\"async\" width=\"1800\" height=\"1013\" class=\"wp-block-cover__image-background wp-image-657\" alt=\"\" src=\"https:\/\/nordicecho.eu\/wp-content\/uploads\/2024\/12\/banner.jpg\" data-object-fit=\"cover\" srcset=\"https:\/\/nordicecho.eu\/wp-content\/uploads\/2024\/12\/banner.jpg 1800w, https:\/\/nordicecho.eu\/wp-content\/uploads\/2024\/12\/banner-300x169.jpg 300w, https:\/\/nordicecho.eu\/wp-content\/uploads\/2024\/12\/banner-1024x576.jpg 1024w, https:\/\/nordicecho.eu\/wp-content\/uploads\/2024\/12\/banner-768x432.jpg 768w, https:\/\/nordicecho.eu\/wp-content\/uploads\/2024\/12\/banner-1536x864.jpg 1536w\" sizes=\"auto, (max-width: 1800px) 100vw, 1800px\" \/><div class=\"wp-block-cover__inner-container has-global-padding is-layout-constrained wp-block-cover-is-layout-constrained\">\n<h1 class=\"wp-block-heading has-text-align-center has-xx-large-font-size\" style=\"margin-bottom:0\">Nordic Echo<\/h1>\n\n\n\n<p class=\"has-text-align-center\" style=\"margin-top:0px;margin-bottom:0px\">hear the echo of Nordic Design<\/p>\n<\/div><\/div>\n\n\n\n<div class=\"wp-block-group alignwide is-layout-flow wp-block-group-is-layout-flow\" style=\"padding-top:var(--wp--preset--spacing--70);padding-bottom:var(--wp--preset--spacing--70)\">\n<p>Witamy w Nordic Echo, Twoim wiod\u0105cym miejscu dla wykwintnych antyk\u00f3w i najwy\u017cszej jako\u015bci dzie\u0142 sztuki u\u017cywanych z serca kraj\u00f3w nordyckich. Specjalizujemy si\u0119 w ceramice i szkle XX wieku, oferuj\u0105c wyj\u0105tkowe przedmioty stworzone przez najbardziej cenionych artyst\u00f3w tamtej epoki. Odkryj nasz\u0105 starannie wyselekcjonowan\u0105 kolekcj\u0119 i poznaj ponadczasowe pi\u0119kno oraz mistern\u0105 rzemie\u015blnicz\u0105 prac\u0119, kt\u00f3re definiuj\u0105 ka\u017cdy unikalny przedmiot. W Nordic Echo \u0142\u0105czymy Ci\u0119 z bogatym dziedzictwem i artystyczn\u0105 doskona\u0142o\u015bci\u0105 Nordyckich kraj\u00f3w. Znajd\u017a sw\u00f3j kolejny skarb u nas ju\u017c dzi\u015b.<\/p>\n<\/div>\n\n\n\n<div class=\"wp-block-group alignwide is-layout-flow wp-block-group-is-layout-flow\">\n<h4 class=\"wp-block-heading\">Najnowsze obiekty:<\/h4>\n<\/div>\n\n\n\n<figure class=\"wp-block-image alignwide size-large\" style=\"margin-bottom:var(--wp--preset--spacing--40)\"><a href=\"https:\/\/fleasy.pl\/nordic-echo\" target=\"_blank\" rel=\" noreferrer noopener\"><img loading=\"lazy\" decoding=\"async\" width=\"1024\" height=\"297\" src=\"https:\/\/nordicecho.eu\/wp-content\/uploads\/2025\/01\/Screenshot-2025-01-09-at-22.23.32-1024x297.png\" alt=\"\" class=\"wp-image-1331\" srcset=\"https:\/\/nordicecho.eu\/wp-content\/uploads\/2025\/01\/Screenshot-2025-01-09-at-22.23.32-1024x297.png 1024w, https:\/\/nordicecho.eu\/wp-content\/uploads\/2025\/01\/Screenshot-2025-01-09-at-22.23.32-300x87.png 300w, https:\/\/nordicecho.eu\/wp-content\/uploads\/2025\/01\/Screenshot-2025-01-09-at-22.23.32-768x223.png 768w, https:\/\/nordicecho.eu\/wp-content\/uploads\/2025\/01\/Screenshot-2025-01-09-at-22.23.32-1536x446.png 1536w, https:\/\/nordicecho.eu\/wp-content\/uploads\/2025\/01\/Screenshot-2025-01-09-at-22.23.32-2048x594.png 2048w\" sizes=\"auto, (max-width: 1024px) 100vw, 1024px\" \/><\/a><\/figure>\n\n\n\n<div class=\"wp-block-group alignwide is-layout-flow wp-block-group-is-layout-flow\" style=\"margin-bottom:var(--wp--preset--spacing--80);padding-bottom:0\">\n<p style=\"font-size:clamp(0.875rem, 0.875rem + ((1vw - 0.2rem) * 0.043), 0.9rem);\"><strong>Zarz\u0105dzamy wszystkimi naszymi sprzeda\u017cami za po\u015brednictwem niezawodnej platformy fleasy.pt, kt\u00f3ra jest specjalnie dostosowana do sprzeda\u017cy produkt\u00f3w z drugiej r\u0119ki. Wszystkie nasze produkty znajdziesz na <a href=\"https:\/\/fleasy.pl\/nordic-echo\" target=\"_blank\" rel=\"noreferrer noopener\">fleasy.pl\/nordic-echo<\/a> lub \u015bledz\u0105c linki do produkt\u00f3w na naszej stronie. Doko\u0144cz sw\u00f3j zakup bezpo\u015brednio na platformie.<\/strong><\/p>\n<\/div>\n","protected":false},"excerpt":{"rendered":"<p>Witamy w Nordic Echo, Twoim wiod\u0105cym miejscu dla wykwintnych antyk\u00f3w i najwy\u017cszej jako\u015bci dzie\u0142 sztuki u\u017cywanych z serca kraj\u00f3w nordyckich. Specjalizujemy si\u0119 w ceramice i szkle XX wieku, oferuj\u0105c wyj\u0105tkowe przedmioty stworzone przez najbardziej cenionych artyst\u00f3w tamtej epoki. Odkryj nasz\u0105 starannie wyselekcjonowan\u0105 kolekcj\u0119 i poznaj ponadczasowe pi\u0119kno oraz mistern\u0105 rzemie\u015blnicz\u0105 prac\u0119, kt\u00f3re definiuj\u0105 ka\u017cdy unikalny [&hellip;]<\/p>\n","protected":false},"author":1,"featured_media":0,"parent":0,"menu_order":0,"comment_status":"closed","ping_status":"closed","template":"","meta":{"footnotes":""},"class_list":["post-1266","page","type-page","status-publish","hentry"],"yoast_head":"<!-- This site is optimized with the Yoast SEO plugin v24.4 - https:\/\/yoast.com\/wordpress\/plugins\/seo\/ -->\n<title>Nordic Echo - Nordic Echo<\/title>\n<meta name=\"robots\" content=\"index, follow, max-snippet:-1, max-image-preview:large, max-video-preview:-1\" \/>\n<link rel=\"canonical\" href=\"https:\/\/nordicecho.eu\/pl\/\" \/>\n<meta property=\"og:locale\" content=\"pl_PL\" \/>\n<meta property=\"og:type\" content=\"article\" \/>\n<meta property=\"og:title\" content=\"Nordic Echo - Nordic Echo\" \/>\n<meta property=\"og:description\" content=\"Witamy w Nordic Echo, Twoim wiod\u0105cym miejscu dla wykwintnych antyk\u00f3w i najwy\u017cszej jako\u015bci dzie\u0142 sztuki u\u017cywanych z serca kraj\u00f3w nordyckich. Specjalizujemy si\u0119 w ceramice i szkle XX wieku, oferuj\u0105c wyj\u0105tkowe przedmioty stworzone przez najbardziej cenionych artyst\u00f3w tamtej epoki. Odkryj nasz\u0105 starannie wyselekcjonowan\u0105 kolekcj\u0119 i poznaj ponadczasowe pi\u0119kno oraz mistern\u0105 rzemie\u015blnicz\u0105 prac\u0119, kt\u00f3re definiuj\u0105 ka\u017cdy unikalny [&hellip;]\" \/>\n<meta property=\"og:url\" content=\"https:\/\/nordicecho.eu\/pl\/\" \/>\n<meta property=\"og:site_name\" content=\"Nordic Echo\" \/>\n<meta property=\"article:modified_time\" content=\"2025-01-14T21:34:34+00:00\" \/>\n<meta property=\"og:image\" content=\"https:\/\/nordicecho.eu\/wp-content\/uploads\/2024\/12\/banner.jpg\" \/>\n\t<meta property=\"og:image:width\" content=\"1800\" \/>\n\t<meta property=\"og:image:height\" content=\"1013\" \/>\n\t<meta property=\"og:image:type\" content=\"image\/jpeg\" \/>\n<meta name=\"twitter:card\" content=\"summary_large_image\" \/>\n<meta name=\"twitter:label1\" content=\"Szacowany czas czytania\" \/>\n\t<meta name=\"twitter:data1\" content=\"1 minuta\" \/>\n<script type=\"application\/ld+json\" class=\"yoast-schema-graph\">{\"@context\":\"https:\/\/schema.org\",\"@graph\":[{\"@type\":\"WebPage\",\"@id\":\"https:\/\/nordicecho.eu\/pl\/\",\"url\":\"https:\/\/nordicecho.eu\/pl\/\",\"name\":\"Nordic Echo - Nordic Echo\",\"isPartOf\":{\"@id\":\"https:\/\/nordicecho.eu\/pl\/#website\"},\"primaryImageOfPage\":{\"@id\":\"https:\/\/nordicecho.eu\/pl\/#primaryimage\"},\"image\":{\"@id\":\"https:\/\/nordicecho.eu\/pl\/#primaryimage\"},\"thumbnailUrl\":\"https:\/\/nordicecho.eu\/wp-content\/uploads\/2024\/12\/banner.jpg\",\"datePublished\":\"2024-12-23T12:57:02+00:00\",\"dateModified\":\"2025-01-14T21:34:34+00:00\",\"breadcrumb\":{\"@id\":\"https:\/\/nordicecho.eu\/pl\/#breadcrumb\"},\"inLanguage\":\"pl-PL\",\"potentialAction\":[{\"@type\":\"ReadAction\",\"target\":[\"https:\/\/nordicecho.eu\/pl\/\"]}]},{\"@type\":\"ImageObject\",\"inLanguage\":\"pl-PL\",\"@id\":\"https:\/\/nordicecho.eu\/pl\/#primaryimage\",\"url\":\"https:\/\/nordicecho.eu\/wp-content\/uploads\/2024\/12\/banner.jpg\",\"contentUrl\":\"https:\/\/nordicecho.eu\/wp-content\/uploads\/2024\/12\/banner.jpg\"},{\"@type\":\"BreadcrumbList\",\"@id\":\"https:\/\/nordicecho.eu\/pl\/#breadcrumb\",\"itemListElement\":[{\"@type\":\"ListItem\",\"position\":1,\"name\":\"Hem\",\"item\":\"https:\/\/nordicecho.eu\/pl\/\"},{\"@type\":\"ListItem\",\"position\":2,\"name\":\"Nordic Echo\"}]},{\"@type\":\"WebSite\",\"@id\":\"https:\/\/nordicecho.eu\/pl\/#website\",\"url\":\"https:\/\/nordicecho.eu\/pl\/\",\"name\":\"Nordic Echo\",\"description\":\"\",\"publisher\":{\"@id\":\"https:\/\/nordicecho.eu\/pl\/#organization\"},\"potentialAction\":[{\"@type\":\"SearchAction\",\"target\":{\"@type\":\"EntryPoint\",\"urlTemplate\":\"https:\/\/nordicecho.eu\/pl\/?s={search_term_string}\"},\"query-input\":{\"@type\":\"PropertyValueSpecification\",\"valueRequired\":true,\"valueName\":\"search_term_string\"}}],\"inLanguage\":\"pl-PL\"},{\"@type\":\"Organization\",\"@id\":\"https:\/\/nordicecho.eu\/pl\/#organization\",\"name\":\"Nordic Echo\",\"url\":\"https:\/\/nordicecho.eu\/pl\/\",\"logo\":{\"@type\":\"ImageObject\",\"inLanguage\":\"pl-PL\",\"@id\":\"https:\/\/nordicecho.eu\/pl\/#\/schema\/logo\/image\/\",\"url\":\"https:\/\/nordicecho.eu\/wp-content\/uploads\/2024\/06\/Screenshot-2024-10-03-at-17.12.40-copy.png\",\"contentUrl\":\"https:\/\/nordicecho.eu\/wp-content\/uploads\/2024\/06\/Screenshot-2024-10-03-at-17.12.40-copy.png\",\"width\":1498,\"height\":1024,\"caption\":\"Nordic Echo\"},\"image\":{\"@id\":\"https:\/\/nordicecho.eu\/pl\/#\/schema\/logo\/image\/\"}}]}<\/script>\n<!-- \/ Yoast SEO plugin. -->","yoast_head_json":{"title":"Nordic Echo - Nordic Echo","robots":{"index":"index","follow":"follow","max-snippet":"max-snippet:-1","max-image-preview":"max-image-preview:large","max-video-preview":"max-video-preview:-1"},"canonical":"https:\/\/nordicecho.eu\/pl\/","og_locale":"pl_PL","og_type":"article","og_title":"Nordic Echo - Nordic Echo","og_description":"Witamy w Nordic Echo, Twoim wiod\u0105cym miejscu dla wykwintnych antyk\u00f3w i najwy\u017cszej jako\u015bci dzie\u0142 sztuki u\u017cywanych z serca kraj\u00f3w nordyckich. Specjalizujemy si\u0119 w ceramice i szkle XX wieku, oferuj\u0105c wyj\u0105tkowe przedmioty stworzone przez najbardziej cenionych artyst\u00f3w tamtej epoki. Odkryj nasz\u0105 starannie wyselekcjonowan\u0105 kolekcj\u0119 i poznaj ponadczasowe pi\u0119kno oraz mistern\u0105 rzemie\u015blnicz\u0105 prac\u0119, kt\u00f3re definiuj\u0105 ka\u017cdy unikalny [&hellip;]","og_url":"https:\/\/nordicecho.eu\/pl\/","og_site_name":"Nordic Echo","article_modified_time":"2025-01-14T21:34:34+00:00","og_image":[{"width":1800,"height":1013,"url":"https:\/\/nordicecho.eu\/wp-content\/uploads\/2024\/12\/banner.jpg","type":"image\/jpeg"}],"twitter_card":"summary_large_image","twitter_misc":{"Szacowany czas czytania":"1 minuta"},"schema":{"@context":"https:\/\/schema.org","@graph":[{"@type":"WebPage","@id":"https:\/\/nordicecho.eu\/pl\/","url":"https:\/\/nordicecho.eu\/pl\/","name":"Nordic Echo - Nordic Echo","isPartOf":{"@id":"https:\/\/nordicecho.eu\/pl\/#website"},"primaryImageOfPage":{"@id":"https:\/\/nordicecho.eu\/pl\/#primaryimage"},"image":{"@id":"https:\/\/nordicecho.eu\/pl\/#primaryimage"},"thumbnailUrl":"https:\/\/nordicecho.eu\/wp-content\/uploads\/2024\/12\/banner.jpg","datePublished":"2024-12-23T12:57:02+00:00","dateModified":"2025-01-14T21:34:34+00:00","breadcrumb":{"@id":"https:\/\/nordicecho.eu\/pl\/#breadcrumb"},"inLanguage":"pl-PL","potentialAction":[{"@type":"ReadAction","target":["https:\/\/nordicecho.eu\/pl\/"]}]},{"@type":"ImageObject","inLanguage":"pl-PL","@id":"https:\/\/nordicecho.eu\/pl\/#primaryimage","url":"https:\/\/nordicecho.eu\/wp-content\/uploads\/2024\/12\/banner.jpg","contentUrl":"https:\/\/nordicecho.eu\/wp-content\/uploads\/2024\/12\/banner.jpg"},{"@type":"BreadcrumbList","@id":"https:\/\/nordicecho.eu\/pl\/#breadcrumb","itemListElement":[{"@type":"ListItem","position":1,"name":"Hem","item":"https:\/\/nordicecho.eu\/pl\/"},{"@type":"ListItem","position":2,"name":"Nordic Echo"}]},{"@type":"WebSite","@id":"https:\/\/nordicecho.eu\/pl\/#website","url":"https:\/\/nordicecho.eu\/pl\/","name":"Nordic Echo","description":"","publisher":{"@id":"https:\/\/nordicecho.eu\/pl\/#organization"},"potentialAction":[{"@type":"SearchAction","target":{"@type":"EntryPoint","urlTemplate":"https:\/\/nordicecho.eu\/pl\/?s={search_term_string}"},"query-input":{"@type":"PropertyValueSpecification","valueRequired":true,"valueName":"search_term_string"}}],"inLanguage":"pl-PL"},{"@type":"Organization","@id":"https:\/\/nordicecho.eu\/pl\/#organization","name":"Nordic Echo","url":"https:\/\/nordicecho.eu\/pl\/","logo":{"@type":"ImageObject","inLanguage":"pl-PL","@id":"https:\/\/nordicecho.eu\/pl\/#\/schema\/logo\/image\/","url":"https:\/\/nordicecho.eu\/wp-content\/uploads\/2024\/06\/Screenshot-2024-10-03-at-17.12.40-copy.png","contentUrl":"https:\/\/nordicecho.eu\/wp-content\/uploads\/2024\/06\/Screenshot-2024-10-03-at-17.12.40-copy.png","width":1498,"height":1024,"caption":"Nordic Echo"},"image":{"@id":"https:\/\/nordicecho.eu\/pl\/#\/schema\/logo\/image\/"}}]}},"_links":{"self":[{"href":"https:\/\/nordicecho.eu\/pl\/wp-json\/wp\/v2\/pages\/1266","targetHints":{"allow":["GET"]}}],"collection":[{"href":"https:\/\/nordicecho.eu\/pl\/wp-json\/wp\/v2\/pages"}],"about":[{"href":"https:\/\/nordicecho.eu\/pl\/wp-json\/wp\/v2\/types\/page"}],"author":[{"embeddable":true,"href":"https:\/\/nordicecho.eu\/pl\/wp-json\/wp\/v2\/users\/1"}],"replies":[{"embeddable":true,"href":"https:\/\/nordicecho.eu\/pl\/wp-json\/wp\/v2\/comments?post=1266"}],"version-history":[{"count":4,"href":"https:\/\/nordicecho.eu\/pl\/wp-json\/wp\/v2\/pages\/1266\/revisions"}],"predecessor-version":[{"id":1451,"href":"https:\/\/nordicecho.eu\/pl\/wp-json\/wp\/v2\/pages\/1266\/revisions\/1451"}],"wp:attachment":[{"href":"https:\/\/nordicecho.eu\/pl\/wp-json\/wp\/v2\/media?parent=1266"}],"curies":[{"name":"wp","href":"https:\/\/api.w.org\/{rel}","templated":true}]}}