{"id":1268,"date":"2024-12-23T12:57:02","date_gmt":"2024-12-23T12:57:02","guid":{"rendered":"https:\/\/nordicecho.eu\/startsida\/"},"modified":"2025-05-22T14:32:59","modified_gmt":"2025-05-22T14:32:59","slug":"startsida","status":"publish","type":"page","link":"https:\/\/nordicecho.eu\/sv\/","title":{"rendered":"Nordic Echo"},"content":{"rendered":"\n<div class=\"wp-block-cover alignfull\"><img loading=\"lazy\" decoding=\"async\" width=\"1800\" height=\"1013\" class=\"wp-block-cover__image-background wp-image-657\" alt=\"\" src=\"https:\/\/nordicecho.eu\/wp-content\/uploads\/2024\/12\/banner.jpg\" data-object-fit=\"cover\" srcset=\"https:\/\/nordicecho.eu\/wp-content\/uploads\/2024\/12\/banner.jpg 1800w, https:\/\/nordicecho.eu\/wp-content\/uploads\/2024\/12\/banner-300x169.jpg 300w, https:\/\/nordicecho.eu\/wp-content\/uploads\/2024\/12\/banner-1024x576.jpg 1024w, https:\/\/nordicecho.eu\/wp-content\/uploads\/2024\/12\/banner-768x432.jpg 768w, https:\/\/nordicecho.eu\/wp-content\/uploads\/2024\/12\/banner-1536x864.jpg 1536w\" sizes=\"auto, (max-width: 1800px) 100vw, 1800px\" \/><span aria-hidden=\"true\" class=\"wp-block-cover__background has-contrast-background-color has-background-dim\"><\/span><div class=\"wp-block-cover__inner-container has-global-padding is-layout-constrained wp-block-cover-is-layout-constrained\">\n<h1 class=\"wp-block-heading has-text-align-center has-xx-large-font-size\" style=\"margin-bottom:0\">Nordic Echo<\/h1>\n\n\n\n<p class=\"has-text-align-center\" style=\"margin-top:0px;margin-bottom:0px\">hear the echo of Nordic Design<\/p>\n<\/div><\/div>\n\n\n\n<div class=\"wp-block-group alignwide is-layout-flow wp-block-group-is-layout-flow\" style=\"padding-top:var(--wp--preset--spacing--70);padding-bottom:var(--wp--preset--spacing--70)\">\n<p>V\u00e4lkommen till Nordic Echo, din fr\u00e4msta destination f\u00f6r uts\u00f6kta antikviteter och h\u00f6gkvalitativa secondhandkonstverk fr\u00e5n hj\u00e4rtat av de nordiska l\u00e4nderna. Vi \u00e4r specialiserade p\u00e5 1900-talets keramik och glas och erbjuder dig exceptionella f\u00f6rem\u00e5l skapade av tidens mest hyllade konstn\u00e4rer. Utforska v\u00e5r noggrant utvalda kollektion och uppt\u00e4ck den tidl\u00f6sa sk\u00f6nheten och det intrikata hantverket som definierar varje unikt objekt. P\u00e5 Nordic Echo f\u00f6rbinder vi dig med det rika arvet och den konstn\u00e4rliga excellensen i Norden. Hitta din n\u00e4sta skatt hos oss idag.<\/p>\n<\/div>\n\n\n\n<div class=\"wp-block-group alignwide is-layout-flow wp-block-group-is-layout-flow\">\n<h4 class=\"wp-block-heading\">Senaste objekt:<\/h4>\n\n\n\n<div id=\"fleasyWidget\" class=\"fleasy-widget\"><\/div>\n<\/div>\n\n\n\n<div class=\"wp-block-group alignwide is-layout-flow wp-block-group-is-layout-flow\" style=\"margin-bottom:var(--wp--preset--spacing--80);padding-bottom:0\">\n<p style=\"font-size:clamp(0.875rem, 0.875rem + ((1vw - 0.2rem) * 0.043), 0.9rem);\"><strong>Vi sk\u00f6ter all v\u00e5r f\u00f6rs\u00e4ljning via den p\u00e5litliga plattformen fleasy.se, s\u00e4rskilt anpassad f\u00f6r just second-hand-f\u00f6rs\u00e4ljning. Du hittar samtliga v\u00e5ra produkter p\u00e5 <a href=\"https:\/\/fleasy.se\/nordic-echo\" target=\"_blank\" rel=\"noreferrer noopener\">fleasy.se\/nordic-echo <\/a>eller genom att f\u00f6lja produktl\u00e4nkarna p\u00e5 v\u00e5r sida. Slutf\u00f6r ditt k\u00f6p direkt p\u00e5 plattformen.<\/strong><\/p>\n<\/div>\n","protected":false},"excerpt":{"rendered":"<p>V\u00e4lkommen till Nordic Echo, din fr\u00e4msta destination f\u00f6r uts\u00f6kta antikviteter och h\u00f6gkvalitativa secondhandkonstverk fr\u00e5n hj\u00e4rtat av de nordiska l\u00e4nderna. Vi \u00e4r specialiserade p\u00e5 1900-talets keramik och glas och erbjuder dig exceptionella f\u00f6rem\u00e5l skapade av tidens mest hyllade konstn\u00e4rer. Utforska v\u00e5r noggrant utvalda kollektion och uppt\u00e4ck den tidl\u00f6sa sk\u00f6nheten och det intrikata hantverket som definierar varje [&hellip;]<\/p>\n","protected":false},"author":1,"featured_media":0,"parent":0,"menu_order":0,"comment_status":"closed","ping_status":"closed","template":"","meta":{"footnotes":""},"class_list":["post-1268","page","type-page","status-publish","hentry"],"yoast_head":"<!-- This site is optimized with the Yoast SEO plugin v24.4 - https:\/\/yoast.com\/wordpress\/plugins\/seo\/ -->\n<title>Nordic Echo - Nordic Echo<\/title>\n<meta name=\"robots\" content=\"index, follow, max-snippet:-1, max-image-preview:large, max-video-preview:-1\" \/>\n<link rel=\"canonical\" href=\"https:\/\/nordicecho.eu\/sv\/\" \/>\n<meta property=\"og:locale\" content=\"sv_SE\" \/>\n<meta property=\"og:type\" content=\"article\" \/>\n<meta property=\"og:title\" content=\"Nordic Echo - Nordic Echo\" \/>\n<meta property=\"og:description\" content=\"V\u00e4lkommen till Nordic Echo, din fr\u00e4msta destination f\u00f6r uts\u00f6kta antikviteter och h\u00f6gkvalitativa secondhandkonstverk fr\u00e5n hj\u00e4rtat av de nordiska l\u00e4nderna. Vi \u00e4r specialiserade p\u00e5 1900-talets keramik och glas och erbjuder dig exceptionella f\u00f6rem\u00e5l skapade av tidens mest hyllade konstn\u00e4rer. Utforska v\u00e5r noggrant utvalda kollektion och uppt\u00e4ck den tidl\u00f6sa sk\u00f6nheten och det intrikata hantverket som definierar varje [&hellip;]\" \/>\n<meta property=\"og:url\" content=\"https:\/\/nordicecho.eu\/sv\/\" \/>\n<meta property=\"og:site_name\" content=\"Nordic Echo\" \/>\n<meta property=\"article:modified_time\" content=\"2025-05-22T14:32:59+00:00\" \/>\n<meta property=\"og:image\" content=\"https:\/\/nordicecho.eu\/wp-content\/uploads\/2024\/12\/banner.jpg\" \/>\n\t<meta property=\"og:image:width\" content=\"1800\" \/>\n\t<meta property=\"og:image:height\" content=\"1013\" \/>\n\t<meta property=\"og:image:type\" content=\"image\/jpeg\" \/>\n<meta name=\"twitter:card\" content=\"summary_large_image\" \/>\n<meta name=\"twitter:label1\" content=\"Ber\u00e4knad l\u00e4stid\" \/>\n\t<meta name=\"twitter:data1\" content=\"1 minut\" \/>\n<script type=\"application\/ld+json\" class=\"yoast-schema-graph\">{\"@context\":\"https:\/\/schema.org\",\"@graph\":[{\"@type\":\"WebPage\",\"@id\":\"https:\/\/nordicecho.eu\/sv\/\",\"url\":\"https:\/\/nordicecho.eu\/sv\/\",\"name\":\"Nordic Echo - Nordic Echo\",\"isPartOf\":{\"@id\":\"https:\/\/nordicecho.eu\/sv\/#website\"},\"primaryImageOfPage\":{\"@id\":\"https:\/\/nordicecho.eu\/sv\/#primaryimage\"},\"image\":{\"@id\":\"https:\/\/nordicecho.eu\/sv\/#primaryimage\"},\"thumbnailUrl\":\"https:\/\/nordicecho.eu\/wp-content\/uploads\/2024\/12\/banner.jpg\",\"datePublished\":\"2024-12-23T12:57:02+00:00\",\"dateModified\":\"2025-05-22T14:32:59+00:00\",\"breadcrumb\":{\"@id\":\"https:\/\/nordicecho.eu\/sv\/#breadcrumb\"},\"inLanguage\":\"sv-SE\",\"potentialAction\":[{\"@type\":\"ReadAction\",\"target\":[\"https:\/\/nordicecho.eu\/sv\/\"]}]},{\"@type\":\"ImageObject\",\"inLanguage\":\"sv-SE\",\"@id\":\"https:\/\/nordicecho.eu\/sv\/#primaryimage\",\"url\":\"https:\/\/nordicecho.eu\/wp-content\/uploads\/2024\/12\/banner.jpg\",\"contentUrl\":\"https:\/\/nordicecho.eu\/wp-content\/uploads\/2024\/12\/banner.jpg\"},{\"@type\":\"BreadcrumbList\",\"@id\":\"https:\/\/nordicecho.eu\/sv\/#breadcrumb\",\"itemListElement\":[{\"@type\":\"ListItem\",\"position\":1,\"name\":\"Hem\",\"item\":\"https:\/\/nordicecho.eu\/sv\/\"},{\"@type\":\"ListItem\",\"position\":2,\"name\":\"Nordic Echo\"}]},{\"@type\":\"WebSite\",\"@id\":\"https:\/\/nordicecho.eu\/sv\/#website\",\"url\":\"https:\/\/nordicecho.eu\/sv\/\",\"name\":\"Nordic Echo\",\"description\":\"\",\"publisher\":{\"@id\":\"https:\/\/nordicecho.eu\/sv\/#organization\"},\"potentialAction\":[{\"@type\":\"SearchAction\",\"target\":{\"@type\":\"EntryPoint\",\"urlTemplate\":\"https:\/\/nordicecho.eu\/sv\/?s={search_term_string}\"},\"query-input\":{\"@type\":\"PropertyValueSpecification\",\"valueRequired\":true,\"valueName\":\"search_term_string\"}}],\"inLanguage\":\"sv-SE\"},{\"@type\":\"Organization\",\"@id\":\"https:\/\/nordicecho.eu\/sv\/#organization\",\"name\":\"Nordic Echo\",\"url\":\"https:\/\/nordicecho.eu\/sv\/\",\"logo\":{\"@type\":\"ImageObject\",\"inLanguage\":\"sv-SE\",\"@id\":\"https:\/\/nordicecho.eu\/sv\/#\/schema\/logo\/image\/\",\"url\":\"https:\/\/nordicecho.eu\/wp-content\/uploads\/2024\/06\/Screenshot-2024-10-03-at-17.12.40-copy.png\",\"contentUrl\":\"https:\/\/nordicecho.eu\/wp-content\/uploads\/2024\/06\/Screenshot-2024-10-03-at-17.12.40-copy.png\",\"width\":1498,\"height\":1024,\"caption\":\"Nordic Echo\"},\"image\":{\"@id\":\"https:\/\/nordicecho.eu\/sv\/#\/schema\/logo\/image\/\"}}]}<\/script>\n<!-- \/ Yoast SEO plugin. -->","yoast_head_json":{"title":"Nordic Echo - Nordic Echo","robots":{"index":"index","follow":"follow","max-snippet":"max-snippet:-1","max-image-preview":"max-image-preview:large","max-video-preview":"max-video-preview:-1"},"canonical":"https:\/\/nordicecho.eu\/sv\/","og_locale":"sv_SE","og_type":"article","og_title":"Nordic Echo - Nordic Echo","og_description":"V\u00e4lkommen till Nordic Echo, din fr\u00e4msta destination f\u00f6r uts\u00f6kta antikviteter och h\u00f6gkvalitativa secondhandkonstverk fr\u00e5n hj\u00e4rtat av de nordiska l\u00e4nderna. Vi \u00e4r specialiserade p\u00e5 1900-talets keramik och glas och erbjuder dig exceptionella f\u00f6rem\u00e5l skapade av tidens mest hyllade konstn\u00e4rer. Utforska v\u00e5r noggrant utvalda kollektion och uppt\u00e4ck den tidl\u00f6sa sk\u00f6nheten och det intrikata hantverket som definierar varje [&hellip;]","og_url":"https:\/\/nordicecho.eu\/sv\/","og_site_name":"Nordic Echo","article_modified_time":"2025-05-22T14:32:59+00:00","og_image":[{"width":1800,"height":1013,"url":"https:\/\/nordicecho.eu\/wp-content\/uploads\/2024\/12\/banner.jpg","type":"image\/jpeg"}],"twitter_card":"summary_large_image","twitter_misc":{"Ber\u00e4knad l\u00e4stid":"1 minut"},"schema":{"@context":"https:\/\/schema.org","@graph":[{"@type":"WebPage","@id":"https:\/\/nordicecho.eu\/sv\/","url":"https:\/\/nordicecho.eu\/sv\/","name":"Nordic Echo - Nordic Echo","isPartOf":{"@id":"https:\/\/nordicecho.eu\/sv\/#website"},"primaryImageOfPage":{"@id":"https:\/\/nordicecho.eu\/sv\/#primaryimage"},"image":{"@id":"https:\/\/nordicecho.eu\/sv\/#primaryimage"},"thumbnailUrl":"https:\/\/nordicecho.eu\/wp-content\/uploads\/2024\/12\/banner.jpg","datePublished":"2024-12-23T12:57:02+00:00","dateModified":"2025-05-22T14:32:59+00:00","breadcrumb":{"@id":"https:\/\/nordicecho.eu\/sv\/#breadcrumb"},"inLanguage":"sv-SE","potentialAction":[{"@type":"ReadAction","target":["https:\/\/nordicecho.eu\/sv\/"]}]},{"@type":"ImageObject","inLanguage":"sv-SE","@id":"https:\/\/nordicecho.eu\/sv\/#primaryimage","url":"https:\/\/nordicecho.eu\/wp-content\/uploads\/2024\/12\/banner.jpg","contentUrl":"https:\/\/nordicecho.eu\/wp-content\/uploads\/2024\/12\/banner.jpg"},{"@type":"BreadcrumbList","@id":"https:\/\/nordicecho.eu\/sv\/#breadcrumb","itemListElement":[{"@type":"ListItem","position":1,"name":"Hem","item":"https:\/\/nordicecho.eu\/sv\/"},{"@type":"ListItem","position":2,"name":"Nordic Echo"}]},{"@type":"WebSite","@id":"https:\/\/nordicecho.eu\/sv\/#website","url":"https:\/\/nordicecho.eu\/sv\/","name":"Nordic Echo","description":"","publisher":{"@id":"https:\/\/nordicecho.eu\/sv\/#organization"},"potentialAction":[{"@type":"SearchAction","target":{"@type":"EntryPoint","urlTemplate":"https:\/\/nordicecho.eu\/sv\/?s={search_term_string}"},"query-input":{"@type":"PropertyValueSpecification","valueRequired":true,"valueName":"search_term_string"}}],"inLanguage":"sv-SE"},{"@type":"Organization","@id":"https:\/\/nordicecho.eu\/sv\/#organization","name":"Nordic Echo","url":"https:\/\/nordicecho.eu\/sv\/","logo":{"@type":"ImageObject","inLanguage":"sv-SE","@id":"https:\/\/nordicecho.eu\/sv\/#\/schema\/logo\/image\/","url":"https:\/\/nordicecho.eu\/wp-content\/uploads\/2024\/06\/Screenshot-2024-10-03-at-17.12.40-copy.png","contentUrl":"https:\/\/nordicecho.eu\/wp-content\/uploads\/2024\/06\/Screenshot-2024-10-03-at-17.12.40-copy.png","width":1498,"height":1024,"caption":"Nordic Echo"},"image":{"@id":"https:\/\/nordicecho.eu\/sv\/#\/schema\/logo\/image\/"}}]}},"_links":{"self":[{"href":"https:\/\/nordicecho.eu\/sv\/wp-json\/wp\/v2\/pages\/1268","targetHints":{"allow":["GET"]}}],"collection":[{"href":"https:\/\/nordicecho.eu\/sv\/wp-json\/wp\/v2\/pages"}],"about":[{"href":"https:\/\/nordicecho.eu\/sv\/wp-json\/wp\/v2\/types\/page"}],"author":[{"embeddable":true,"href":"https:\/\/nordicecho.eu\/sv\/wp-json\/wp\/v2\/users\/1"}],"replies":[{"embeddable":true,"href":"https:\/\/nordicecho.eu\/sv\/wp-json\/wp\/v2\/comments?post=1268"}],"version-history":[{"count":14,"href":"https:\/\/nordicecho.eu\/sv\/wp-json\/wp\/v2\/pages\/1268\/revisions"}],"predecessor-version":[{"id":2358,"href":"https:\/\/nordicecho.eu\/sv\/wp-json\/wp\/v2\/pages\/1268\/revisions\/2358"}],"wp:attachment":[{"href":"https:\/\/nordicecho.eu\/sv\/wp-json\/wp\/v2\/media?parent=1268"}],"curies":[{"name":"wp","href":"https:\/\/api.w.org\/{rel}","templated":true}]}}